{"id":4505,"date":"2017-03-28T18:25:14","date_gmt":"2017-03-28T18:25:14","guid":{"rendered":"https:\/\/www.mixiwnotebooks.com\/sobre-nosaltres\/"},"modified":"2018-11-23T00:55:12","modified_gmt":"2018-11-22T23:55:12","slug":"sobre-nosaltres","status":"publish","type":"page","link":"https:\/\/www.mixiwnotebooks.com\/ca\/sobre-nosaltres\/","title":{"rendered":"Sobre nosaltres"},"content":{"rendered":"<div class=\"row row-large\"  id=\"row-679979620\">\n\n\t<div id=\"col-77434114\" class=\"col medium-6 small-12 large-6\"  >\n\t\t\t\t<div class=\"col-inner\"  >\n\t\t\t\n\t\t\t\n<h1>Sobre nosaltres<\/h1>\n<p>Mixiw Notebooks \u00e9s un equip de dos amics i entusiastes de les llibretes. Creiem que les llibretes de paper permeten una llibertat per crear i capturar idees com cap altre suport.<\/p>\n<p>Tot i aix\u00ed, a l&#8217;hora de la veritat, aquesta llibertat que atorga el paper es veu limitada pels sistemes d&#8217;enquadernaci\u00f3 de les llibretes. Aquest \u00e9s el motiu pel qual vam decidir dissenyar un nou sistema d&#8217;enquadernaci\u00f3 per permetre la m\u00e0xima llibertat als usuaris. Disseny minimalista, m\u00e0xima versatilitat i facilitat d&#8217;\u00fas s\u00f3n les pautes que v\u00e0rem seguir per crear Mixiw, la llibreta modular.<\/p>\n<p>El 2016 v\u00e0rem realitzar una campanya de microfinan\u00e7ament a Kickstarter per produir les primeres llibretes modulars Mixiw. Centenars de persones d&#8217;arreu del m\u00f3n van ajudar-nos a fer realitat aquest projecte.<\/p>\n<p>Des d&#8217;aleshores, la nostra motivaci\u00f3 a Mixiw Notebooks \u00e9s veure com gent totalment diversa utilitza la seva llibreta Mixiw personalitzada per cobrir les seves necessitats espec\u00edfiques.<\/p>\n\t\t<\/div>\n\t\t\t\t\t<\/div>\n\n\t\n\n\t<div id=\"col-157984938\" class=\"col medium-6 small-12 large-6\"  >\n\t\t\t\t<div class=\"col-inner\"  >\n\t\t\t\n\t\t\t\n\t<div class=\"img has-hover x md-x lg-x y md-y lg-y\" id=\"image_538491809\">\n\t\t\t\t\t\t\t\t<div class=\"img-inner dark\" >\n\t\t\t<img loading=\"lazy\" decoding=\"async\" width=\"680\" height=\"453\" src=\"https:\/\/www.mixiwnotebooks.com\/wp-content\/uploads\/2018\/11\/team.jpg\" class=\"attachment-large size-large\" alt=\"\" srcset=\"https:\/\/www.mixiwnotebooks.com\/wp-content\/uploads\/2018\/11\/team.jpg 680w, https:\/\/www.mixiwnotebooks.com\/wp-content\/uploads\/2018\/11\/team-247x165.jpg 247w, https:\/\/www.mixiwnotebooks.com\/wp-content\/uploads\/2018\/11\/team-300x200.jpg 300w, https:\/\/www.mixiwnotebooks.com\/wp-content\/uploads\/2018\/11\/team-510x340.jpg 510w\" sizes=\"auto, (max-width: 680px) 100vw, 680px\" \/>\t\t\t\t\t\t\n\t\t\t\t\t<\/div>\n\t\t\t\t\t\t\t\t\n<style>\n#image_538491809 {\n  width: 100%;\n}\n<\/style>\n\t<\/div>\n\t\n\t\t<\/div>\n\t\t\t\t\t<\/div>\n\n\t\n\n<style>\n#row-679979620 > .col > .col-inner {\n  padding: 30px 0px 0px 0px;\n}\n<\/style>\n<\/div>\n","protected":false},"excerpt":{"rendered":"","protected":false},"author":704,"featured_media":0,"parent":0,"menu_order":0,"comment_status":"closed","ping_status":"closed","template":"","meta":{"footnotes":""},"class_list":["post-4505","page","type-page","status-publish","hentry"],"_links":{"self":[{"href":"https:\/\/www.mixiwnotebooks.com\/ca\/wp-json\/wp\/v2\/pages\/4505","targetHints":{"allow":["GET"]}}],"collection":[{"href":"https:\/\/www.mixiwnotebooks.com\/ca\/wp-json\/wp\/v2\/pages"}],"about":[{"href":"https:\/\/www.mixiwnotebooks.com\/ca\/wp-json\/wp\/v2\/types\/page"}],"author":[{"embeddable":true,"href":"https:\/\/www.mixiwnotebooks.com\/ca\/wp-json\/wp\/v2\/users\/704"}],"replies":[{"embeddable":true,"href":"https:\/\/www.mixiwnotebooks.com\/ca\/wp-json\/wp\/v2\/comments?post=4505"}],"version-history":[{"count":0,"href":"https:\/\/www.mixiwnotebooks.com\/ca\/wp-json\/wp\/v2\/pages\/4505\/revisions"}],"wp:attachment":[{"href":"https:\/\/www.mixiwnotebooks.com\/ca\/wp-json\/wp\/v2\/media?parent=4505"}],"curies":[{"name":"wp","href":"https:\/\/api.w.org\/{rel}","templated":true}]}}