{"id":1062,"date":"2016-02-18T18:33:15","date_gmt":"2016-02-18T18:33:15","guid":{"rendered":"https:\/\/www.mixiwnotebooks.com\/product\/graph-b6-2\/"},"modified":"2020-12-08T20:12:38","modified_gmt":"2020-12-08T19:12:38","slug":"graph-b6-2","status":"publish","type":"product","link":"https:\/\/www.mixiwnotebooks.com\/ca\/producte\/graph-b6-2\/","title":{"rendered":"Quadriculat &#8211; Quaderns B6"},"content":{"rendered":"<ul>\n<li>2 quaderns de 40 p\u00e0gines cada un (80 p\u00e0gines)<\/li>\n<li>90 gsm<\/li>\n<li>B6: 125 mm x 176 mm (4,92&#8243; x 6,92&#8243;)<\/li>\n<li>Enquadernaci\u00f3 amb grapes<\/li>\n<li>Paper amb certificat FSC<\/li>\n<\/ul>\n","protected":false},"excerpt":{"rendered":"<p>2 quaderns Quadriculats. La dist\u00e0ncia entre l\u00ednies \u00e9s de 5mm (0,19&#8243;).<\/p>\n","protected":false},"featured_media":5192,"template":"","meta":[],"product_cat":[191,193,195],"product_tag":[],"class_list":{"0":"post-1062","1":"product","2":"type-product","3":"status-publish","4":"has-post-thumbnail","6":"product_cat-b6-tamany-petit","7":"product_cat-tots-els-quaderns-b6","8":"product_cat-dissenys-basics-b6","9":"pa_size-b6-tamany-petit","11":"first","12":"instock","13":"taxable","14":"shipping-taxable","15":"product-type-variable"},"gallery_images":[4298,4295],"_links":{"self":[{"href":"https:\/\/www.mixiwnotebooks.com\/ca\/wp-json\/wp\/v2\/product\/1062","targetHints":{"allow":["GET"]}}],"collection":[{"href":"https:\/\/www.mixiwnotebooks.com\/ca\/wp-json\/wp\/v2\/product"}],"about":[{"href":"https:\/\/www.mixiwnotebooks.com\/ca\/wp-json\/wp\/v2\/types\/product"}],"wp:featuredmedia":[{"embeddable":true,"href":"https:\/\/www.mixiwnotebooks.com\/ca\/wp-json\/wp\/v2\/media\/5192"}],"wp:attachment":[{"href":"https:\/\/www.mixiwnotebooks.com\/ca\/wp-json\/wp\/v2\/media?parent=1062"}],"wp:term":[{"taxonomy":"product_cat","embeddable":true,"href":"https:\/\/www.mixiwnotebooks.com\/ca\/wp-json\/wp\/v2\/product_cat?post=1062"},{"taxonomy":"product_tag","embeddable":true,"href":"https:\/\/www.mixiwnotebooks.com\/ca\/wp-json\/wp\/v2\/product_tag?post=1062"}],"curies":[{"name":"wp","href":"https:\/\/api.w.org\/{rel}","templated":true}]}}