{"id":369,"date":"2016-02-18T13:31:29","date_gmt":"2016-02-18T12:31:29","guid":{"rendered":"https:\/\/www.mixiwnotebooks.com\/product\/album-a5-2\/"},"modified":"2024-01-29T10:02:50","modified_gmt":"2024-01-29T09:02:50","slug":"album-a5-2","status":"publish","type":"product","link":"https:\/\/www.mixiwnotebooks.com\/ca\/producte\/album-a5-2\/","title":{"rendered":"\u00c0lbum Mixiw A5"},"content":{"rendered":"<ul>\n<li>Capacitat per 20 quaderns A5<\/li>\n<li>A5: 149 mm x 215 mm (5.86&#8243; x 8.46&#8243;)<\/li>\n<li>Exterior\u00a0de vinil revestit d&#8217;alta qualitat<\/li>\n<li>Antiadherent<\/li>\n<li>Es mant\u00e9 obert (180\u00ba)<\/li>\n<\/ul>\n","protected":false},"excerpt":{"rendered":"<p>L&#8217;\u00c0lbum Mixiw et permet arxivar 20 quaderns gr\u00e0cies a les seves tires el\u00e0stiques.<\/p>\n","protected":false},"featured_media":4497,"template":"","meta":[],"product_cat":[175,178],"product_tag":[],"class_list":{"0":"post-369","1":"product","2":"type-product","3":"status-publish","4":"has-post-thumbnail","6":"product_cat-a5-mida-normal","7":"product_cat-cobertes-i-albums-a5","8":"pa_size-a5-tamany-normal","10":"first","11":"instock","12":"taxable","13":"shipping-taxable","14":"purchasable","15":"product-type-variable"},"gallery_images":[4497,4500],"_links":{"self":[{"href":"https:\/\/www.mixiwnotebooks.com\/ca\/wp-json\/wp\/v2\/product\/369","targetHints":{"allow":["GET"]}}],"collection":[{"href":"https:\/\/www.mixiwnotebooks.com\/ca\/wp-json\/wp\/v2\/product"}],"about":[{"href":"https:\/\/www.mixiwnotebooks.com\/ca\/wp-json\/wp\/v2\/types\/product"}],"wp:featuredmedia":[{"embeddable":true,"href":"https:\/\/www.mixiwnotebooks.com\/ca\/wp-json\/wp\/v2\/media\/4497"}],"wp:attachment":[{"href":"https:\/\/www.mixiwnotebooks.com\/ca\/wp-json\/wp\/v2\/media?parent=369"}],"wp:term":[{"taxonomy":"product_cat","embeddable":true,"href":"https:\/\/www.mixiwnotebooks.com\/ca\/wp-json\/wp\/v2\/product_cat?post=369"},{"taxonomy":"product_tag","embeddable":true,"href":"https:\/\/www.mixiwnotebooks.com\/ca\/wp-json\/wp\/v2\/product_tag?post=369"}],"curies":[{"name":"wp","href":"https:\/\/api.w.org\/{rel}","templated":true}]}}