{"id":4506,"date":"2017-03-28T18:25:41","date_gmt":"2017-03-28T18:25:41","guid":{"rendered":"https:\/\/www.mixiwnotebooks.com\/sobre-nosotros\/"},"modified":"2018-11-23T00:55:29","modified_gmt":"2018-11-22T23:55:29","slug":"sobre-nosotros","status":"publish","type":"page","link":"https:\/\/www.mixiwnotebooks.com\/es\/sobre-nosotros\/","title":{"rendered":"Sobre nosotros"},"content":{"rendered":"<div class=\"row row-large\"  id=\"row-1981475747\">\n\n\t<div id=\"col-1429724876\" class=\"col medium-6 small-12 large-6\"  >\n\t\t\t\t<div class=\"col-inner\"  >\n\t\t\t\n\t\t\t\n<h1>Sobre nosotros<\/h1>\n<p>Mixiw Notebooks es un equipo de dos amigos y entusiastas de las libretas. Creemos que las libretas de papel permiten una libertad para crear y capturar ideas como ning\u00fan otro soporte.<\/p>\n<p>Sin embargo, a la hora de la verdad, esta libertad que da el papel se ve limitada por los sistemas de encuadernaci\u00f3n de las libretas. Este es el motivo por el cual decidimos dise\u00f1ar un nuevo sistema de encuadernaci\u00f3n para permitir la m\u00e1xima libertad a los usuarios. Dise\u00f1o minimalista, m\u00e1xima versatilidad y facilidad de uso son algunas de las pautas que seguimos para crear Mixiw, la libreta modular.<\/p>\n<p>En 2016 realizamos una campa\u00f1a de micromecenazgo en Kickstarter\u00a0para producir las primeras libretas modulares Mixiw. Centenares de personas de todo el mundo nos ayudaron a hacer realidad este proyecto.<\/p>\n<p>Desde entonces, nuestra motivaci\u00f3n en Mixiw Notebooks es ver a gente totalmente diversa utilizar su libreta Mixiw personalizada para cubrir sus necesidades espec\u00edficas.<\/p>\n\t\t<\/div>\n\t\t\t\t\t<\/div>\n\n\t\n\n\t<div id=\"col-150509891\" class=\"col medium-6 small-12 large-6\"  >\n\t\t\t\t<div class=\"col-inner\"  >\n\t\t\t\n\t\t\t\n\t<div class=\"img has-hover x md-x lg-x y md-y lg-y\" id=\"image_610991195\">\n\t\t\t\t\t\t\t\t<div class=\"img-inner dark\" >\n\t\t\t<img loading=\"lazy\" decoding=\"async\" width=\"680\" height=\"453\" src=\"https:\/\/www.mixiwnotebooks.com\/wp-content\/uploads\/2018\/11\/team.jpg\" class=\"attachment-large size-large\" alt=\"\" srcset=\"https:\/\/www.mixiwnotebooks.com\/wp-content\/uploads\/2018\/11\/team.jpg 680w, https:\/\/www.mixiwnotebooks.com\/wp-content\/uploads\/2018\/11\/team-247x165.jpg 247w, https:\/\/www.mixiwnotebooks.com\/wp-content\/uploads\/2018\/11\/team-300x200.jpg 300w, https:\/\/www.mixiwnotebooks.com\/wp-content\/uploads\/2018\/11\/team-510x340.jpg 510w\" sizes=\"auto, (max-width: 680px) 100vw, 680px\" \/>\t\t\t\t\t\t\n\t\t\t\t\t<\/div>\n\t\t\t\t\t\t\t\t\n<style>\n#image_610991195 {\n  width: 100%;\n}\n<\/style>\n\t<\/div>\n\t\n\t\t<\/div>\n\t\t\t\t\t<\/div>\n\n\t\n\n<style>\n#row-1981475747 > .col > .col-inner {\n  padding: 30px 0px 0px 0px;\n}\n<\/style>\n<\/div>\n","protected":false},"excerpt":{"rendered":"","protected":false},"author":704,"featured_media":0,"parent":0,"menu_order":0,"comment_status":"closed","ping_status":"closed","template":"","meta":{"footnotes":""},"class_list":["post-4506","page","type-page","status-publish","hentry"],"_links":{"self":[{"href":"https:\/\/www.mixiwnotebooks.com\/es\/wp-json\/wp\/v2\/pages\/4506","targetHints":{"allow":["GET"]}}],"collection":[{"href":"https:\/\/www.mixiwnotebooks.com\/es\/wp-json\/wp\/v2\/pages"}],"about":[{"href":"https:\/\/www.mixiwnotebooks.com\/es\/wp-json\/wp\/v2\/types\/page"}],"author":[{"embeddable":true,"href":"https:\/\/www.mixiwnotebooks.com\/es\/wp-json\/wp\/v2\/users\/704"}],"replies":[{"embeddable":true,"href":"https:\/\/www.mixiwnotebooks.com\/es\/wp-json\/wp\/v2\/comments?post=4506"}],"version-history":[{"count":0,"href":"https:\/\/www.mixiwnotebooks.com\/es\/wp-json\/wp\/v2\/pages\/4506\/revisions"}],"wp:attachment":[{"href":"https:\/\/www.mixiwnotebooks.com\/es\/wp-json\/wp\/v2\/media?parent=4506"}],"curies":[{"name":"wp","href":"https:\/\/api.w.org\/{rel}","templated":true}]}}