{"id":1352,"date":"2016-02-18T18:57:22","date_gmt":"2016-02-18T18:57:22","guid":{"rendered":"https:\/\/www.mixiwnotebooks.com\/product\/fashion-design-b6-2\/"},"modified":"2019-12-06T23:26:07","modified_gmt":"2019-12-06T22:26:07","slug":"fashion-design-b6-2","status":"publish","type":"product","link":"https:\/\/www.mixiwnotebooks.com\/es\/producto\/fashion-design-b6-2\/","title":{"rendered":"Dise\u00f1o de Moda &#8211; 2 cuadernos B6"},"content":{"rendered":"<ul>\n<li>2 cuadernos de 40 p\u00e1ginas cada uno (80 p\u00e1ginas)<\/li>\n<li>90 gsm<\/li>\n<li>B6: 125 mm x 176 mm (4,92&#8243; x 6,92&#8243;)<\/li>\n<li>Encuadernaci\u00f3n grapada<\/li>\n<li>Papel con certificado FSC<\/li>\n<\/ul>\n","protected":false},"excerpt":{"rendered":"<p>2 cuadernos de Dise\u00f1o de Moda. P\u00e1gina derecha con figura femenina alternada con figura masculina (6 modelos diferentes), p\u00e1gina izquierda con Puntos para anotaciones.<\/p>\n","protected":false},"featured_media":5287,"template":"","meta":[],"product_cat":[192,194,206],"product_tag":[],"class_list":{"0":"post-1352","1":"product","2":"type-product","3":"status-publish","4":"has-post-thumbnail","6":"product_cat-b6-tamano-pequeno","7":"product_cat-todos-los-cuadernos-b6","8":"product_cat-disenos-especificos-b6","9":"pa_size-b6-tamano-pequeno","11":"first","12":"instock","13":"taxable","14":"shipping-taxable","15":"purchasable","16":"product-type-simple"},"gallery_images":[4401,4404],"_links":{"self":[{"href":"https:\/\/www.mixiwnotebooks.com\/es\/wp-json\/wp\/v2\/product\/1352","targetHints":{"allow":["GET"]}}],"collection":[{"href":"https:\/\/www.mixiwnotebooks.com\/es\/wp-json\/wp\/v2\/product"}],"about":[{"href":"https:\/\/www.mixiwnotebooks.com\/es\/wp-json\/wp\/v2\/types\/product"}],"wp:featuredmedia":[{"embeddable":true,"href":"https:\/\/www.mixiwnotebooks.com\/es\/wp-json\/wp\/v2\/media\/5287"}],"wp:attachment":[{"href":"https:\/\/www.mixiwnotebooks.com\/es\/wp-json\/wp\/v2\/media?parent=1352"}],"wp:term":[{"taxonomy":"product_cat","embeddable":true,"href":"https:\/\/www.mixiwnotebooks.com\/es\/wp-json\/wp\/v2\/product_cat?post=1352"},{"taxonomy":"product_tag","embeddable":true,"href":"https:\/\/www.mixiwnotebooks.com\/es\/wp-json\/wp\/v2\/product_tag?post=1352"}],"curies":[{"name":"wp","href":"https:\/\/api.w.org\/{rel}","templated":true}]}}